{"id":9,"date":"2019-04-12T17:59:45","date_gmt":"2019-04-12T17:59:45","guid":{"rendered":"https:\/\/wl26www60.webland.ch\/?page_id=9"},"modified":"2019-04-12T18:39:50","modified_gmt":"2019-04-12T18:39:50","slug":"dressursaettel","status":"publish","type":"page","link":"https:\/\/wl26www60.webland.ch\/?page_id=9","title":{"rendered":"Dressurs\u00e4ttel"},"content":{"rendered":"\n<p style=\"color:#a30027\" class=\"has-text-color has-large-font-size\"><strong>Paura KCR<\/strong><\/p>\n\n\n\n<ul class=\"wp-block-list\"><li> Monoblatt<\/li><li>Flexibler Sattelbaum<\/li><li>Bananen Pausche f\u00fcr guten und sicherern halt , verschiedene H\u00f6hen<\/li><li>Auf Wunsch mit verschidenen Farbvariationen und Leder<\/li><li>\u00fcber 200 Sattelkissen Varianten<\/li><li>Drei verschiedene Schulterr\u00fcckschnitte<\/li><li>Dem Design sind keine Grenzen gesetzt<\/li><li>Preis ab CHF 3&#8217;900.00 <\/li><\/ul>\n\n\n\n<ul class=\"wp-block-gallery columns-3 is-cropped wp-block-gallery-1 is-layout-flex wp-block-gallery-is-layout-flex\"><li class=\"blocks-gallery-item\"><figure><img loading=\"lazy\" decoding=\"async\" width=\"188\" height=\"200\" src=\"https:\/\/wl26www60.webland.ch\/wp-content\/uploads\/2019\/04\/kcr01-1.jpg\" alt=\"\" data-id=\"61\" data-link=\"https:\/\/wl26www60.webland.ch\/?attachment_id=61\" class=\"wp-image-61\"\/><\/figure><\/li><li class=\"blocks-gallery-item\"><figure><img loading=\"lazy\" decoding=\"async\" width=\"200\" height=\"150\" src=\"https:\/\/wl26www60.webland.ch\/wp-content\/uploads\/2019\/04\/kcr02.jpg\" alt=\"\" data-id=\"62\" data-link=\"https:\/\/wl26www60.webland.ch\/?attachment_id=62\" class=\"wp-image-62\" srcset=\"https:\/\/wl26www60.webland.ch\/wp-content\/uploads\/2019\/04\/kcr02.jpg 200w, https:\/\/wl26www60.webland.ch\/wp-content\/uploads\/2019\/04\/kcr02-80x60.jpg 80w\" sizes=\"auto, (max-width: 200px) 100vw, 200px\" \/><\/figure><\/li><li class=\"blocks-gallery-item\"><figure><img loading=\"lazy\" decoding=\"async\" width=\"200\" height=\"103\" src=\"https:\/\/wl26www60.webland.ch\/wp-content\/uploads\/2019\/04\/kcr03.jpg\" alt=\"\" data-id=\"63\" data-link=\"https:\/\/wl26www60.webland.ch\/?attachment_id=63\" class=\"wp-image-63\"\/><\/figure><\/li><li class=\"blocks-gallery-item\"><figure><img loading=\"lazy\" decoding=\"async\" width=\"200\" height=\"150\" src=\"https:\/\/wl26www60.webland.ch\/wp-content\/uploads\/2019\/04\/kcr04.jpg\" alt=\"\" data-id=\"64\" data-link=\"https:\/\/wl26www60.webland.ch\/?attachment_id=64\" class=\"wp-image-64\" srcset=\"https:\/\/wl26www60.webland.ch\/wp-content\/uploads\/2019\/04\/kcr04.jpg 200w, https:\/\/wl26www60.webland.ch\/wp-content\/uploads\/2019\/04\/kcr04-80x60.jpg 80w\" sizes=\"auto, (max-width: 200px) 100vw, 200px\" \/><\/figure><\/li><li class=\"blocks-gallery-item\"><figure><img loading=\"lazy\" decoding=\"async\" width=\"200\" height=\"110\" src=\"https:\/\/wl26www60.webland.ch\/wp-content\/uploads\/2019\/04\/kcr05.jpg\" alt=\"\" data-id=\"65\" data-link=\"https:\/\/wl26www60.webland.ch\/?attachment_id=65\" class=\"wp-image-65\" srcset=\"https:\/\/wl26www60.webland.ch\/wp-content\/uploads\/2019\/04\/kcr05.jpg 200w, https:\/\/wl26www60.webland.ch\/wp-content\/uploads\/2019\/04\/kcr05-135x75.jpg 135w\" sizes=\"auto, (max-width: 200px) 100vw, 200px\" \/><\/figure><\/li><li class=\"blocks-gallery-item\"><figure><img loading=\"lazy\" decoding=\"async\" width=\"200\" height=\"110\" src=\"https:\/\/wl26www60.webland.ch\/wp-content\/uploads\/2019\/04\/kcr06.jpg\" alt=\"\" data-id=\"66\" data-link=\"https:\/\/wl26www60.webland.ch\/?attachment_id=66\" class=\"wp-image-66\" srcset=\"https:\/\/wl26www60.webland.ch\/wp-content\/uploads\/2019\/04\/kcr06.jpg 200w, https:\/\/wl26www60.webland.ch\/wp-content\/uploads\/2019\/04\/kcr06-135x75.jpg 135w\" sizes=\"auto, (max-width: 200px) 100vw, 200px\" \/><\/figure><\/li><\/ul>\n\n\n\n<p><\/p>\n\n\n\n<p style=\"color:#a30027\" class=\"has-text-color has-large-font-size\"><strong>Paura VMH<\/strong><\/p>\n\n\n\n<ul class=\"wp-block-list\"><li>Monoblatt<\/li><li>Flexibler Sattelbaum<\/li><li>\u00fcber 200 Sattelkissen Varianten<\/li><li>Weiche anatomische Pausche<\/li><li>Dem Design sind keine Grenzen gesetzt<\/li><li>Preis ab CHF 3&#8217;900.00 <\/li><\/ul>\n\n\n\n<figure class=\"wp-block-image\"><img loading=\"lazy\" decoding=\"async\" width=\"250\" height=\"333\" src=\"https:\/\/wl26www60.webland.ch\/wp-content\/uploads\/2019\/04\/Paura_VMH_250l.png\" alt=\"\" class=\"wp-image-67\" srcset=\"https:\/\/wl26www60.webland.ch\/wp-content\/uploads\/2019\/04\/Paura_VMH_250l.png 250w, https:\/\/wl26www60.webland.ch\/wp-content\/uploads\/2019\/04\/Paura_VMH_250l-225x300.png 225w\" sizes=\"auto, (max-width: 250px) 100vw, 250px\" \/><\/figure>\n\n\n\n<div class=\"wp-block-columns has-2-columns is-layout-flex wp-container-core-columns-is-layout-9d6595d7 wp-block-columns-is-layout-flex\">\n<div class=\"wp-block-column is-layout-flow wp-block-column-is-layout-flow\">\n<p><\/p>\n<\/div>\n\n\n\n<div class=\"wp-block-column is-layout-flow wp-block-column-is-layout-flow\"><\/div>\n<\/div>\n","protected":false},"excerpt":{"rendered":"<p>Paura KCR Monoblatt Flexibler Sattelbaum Bananen Pausche f\u00fcr guten und sicherern halt , verschiedene H\u00f6hen Auf Wunsch mit verschidenen Farbvariationen und Leder \u00fcber 200 Sattelkissen Varianten Drei verschiedene Schulterr\u00fcckschnitte Dem [&hellip;]<\/p>\n","protected":false},"author":1,"featured_media":0,"parent":0,"menu_order":0,"comment_status":"closed","ping_status":"closed","template":"","meta":{"footnotes":""},"class_list":["post-9","page","type-page","status-publish","hentry"],"_links":{"self":[{"href":"https:\/\/wl26www60.webland.ch\/index.php?rest_route=\/wp\/v2\/pages\/9","targetHints":{"allow":["GET"]}}],"collection":[{"href":"https:\/\/wl26www60.webland.ch\/index.php?rest_route=\/wp\/v2\/pages"}],"about":[{"href":"https:\/\/wl26www60.webland.ch\/index.php?rest_route=\/wp\/v2\/types\/page"}],"author":[{"embeddable":true,"href":"https:\/\/wl26www60.webland.ch\/index.php?rest_route=\/wp\/v2\/users\/1"}],"replies":[{"embeddable":true,"href":"https:\/\/wl26www60.webland.ch\/index.php?rest_route=%2Fwp%2Fv2%2Fcomments&post=9"}],"version-history":[{"count":3,"href":"https:\/\/wl26www60.webland.ch\/index.php?rest_route=\/wp\/v2\/pages\/9\/revisions"}],"predecessor-version":[{"id":68,"href":"https:\/\/wl26www60.webland.ch\/index.php?rest_route=\/wp\/v2\/pages\/9\/revisions\/68"}],"wp:attachment":[{"href":"https:\/\/wl26www60.webland.ch\/index.php?rest_route=%2Fwp%2Fv2%2Fmedia&parent=9"}],"curies":[{"name":"wp","href":"https:\/\/api.w.org\/{rel}","templated":true}]}}