{"id":82,"date":"2019-04-12T18:48:43","date_gmt":"2019-04-12T18:48:43","guid":{"rendered":"https:\/\/wl26www60.webland.ch\/?page_id=82"},"modified":"2019-04-13T14:02:50","modified_gmt":"2019-04-13T14:02:50","slug":"dummytraining","status":"publish","type":"page","link":"https:\/\/wl26www60.webland.ch\/?page_id=82","title":{"rendered":"Dummytraining"},"content":{"rendered":"\n<p>F\u00fcr Dummytraining bieten wir Ihnen <\/p>\n\n\n\n<ul class=\"wp-block-list\"><li>Dummies in allen Gr\u00f6ssen und Farben<\/li><li>Vesten f\u00fcr den Trainer<\/li><li>&#8230;<\/li><\/ul>\n\n\n\n<div class=\"wp-block-columns has-2-columns is-layout-flex wp-container-core-columns-is-layout-9d6595d7 wp-block-columns-is-layout-flex\">\n<div class=\"wp-block-column is-layout-flow wp-block-column-is-layout-flow\">\n<figure class=\"wp-block-image is-resized\"><img loading=\"lazy\" decoding=\"async\" src=\"https:\/\/wl26www60.webland.ch\/wp-content\/uploads\/2019\/04\/dummyjacke01_InPixio-768x1024.png\" alt=\"\" class=\"wp-image-125\" width=\"214\" height=\"285\" srcset=\"https:\/\/wl26www60.webland.ch\/wp-content\/uploads\/2019\/04\/dummyjacke01_InPixio-768x1024.png 768w, https:\/\/wl26www60.webland.ch\/wp-content\/uploads\/2019\/04\/dummyjacke01_InPixio-225x300.png 225w, https:\/\/wl26www60.webland.ch\/wp-content\/uploads\/2019\/04\/dummyjacke01_InPixio.png 1200w\" sizes=\"auto, (max-width: 214px) 100vw, 214px\" \/><figcaption>Dummytrainings Jacke<\/figcaption><\/figure>\n<\/div>\n\n\n\n<div class=\"wp-block-column is-layout-flow wp-block-column-is-layout-flow\">\n<figure class=\"wp-block-image is-resized\"><img loading=\"lazy\" decoding=\"async\" src=\"https:\/\/wl26www60.webland.ch\/wp-content\/uploads\/2019\/04\/dummyjacke02_InPixio-768x1024.png\" alt=\"\" class=\"wp-image-126\" width=\"165\" height=\"219\" srcset=\"https:\/\/wl26www60.webland.ch\/wp-content\/uploads\/2019\/04\/dummyjacke02_InPixio-768x1024.png 768w, https:\/\/wl26www60.webland.ch\/wp-content\/uploads\/2019\/04\/dummyjacke02_InPixio-225x300.png 225w, https:\/\/wl26www60.webland.ch\/wp-content\/uploads\/2019\/04\/dummyjacke02_InPixio.png 1200w\" sizes=\"auto, (max-width: 165px) 100vw, 165px\" \/><figcaption>Veste mit vielen Taschen vorne und einer grossen Tasche hinten. Erh\u00e4ltlich in vielen Farben<\/figcaption><\/figure>\n\n\n\n<p><\/p>\n<\/div>\n<\/div>\n\n\n\n<figure class=\"wp-block-image\"><img loading=\"lazy\" decoding=\"async\" width=\"1024\" height=\"768\" src=\"https:\/\/wl26www60.webland.ch\/wp-content\/uploads\/2019\/04\/dummies-1-1024x768.jpg\" alt=\"\" class=\"wp-image-129\" srcset=\"https:\/\/wl26www60.webland.ch\/wp-content\/uploads\/2019\/04\/dummies-1-1024x768.jpg 1024w, https:\/\/wl26www60.webland.ch\/wp-content\/uploads\/2019\/04\/dummies-1-300x225.jpg 300w, https:\/\/wl26www60.webland.ch\/wp-content\/uploads\/2019\/04\/dummies-1-768x576.jpg 768w, https:\/\/wl26www60.webland.ch\/wp-content\/uploads\/2019\/04\/dummies-1-360x270.jpg 360w, https:\/\/wl26www60.webland.ch\/wp-content\/uploads\/2019\/04\/dummies-1-80x60.jpg 80w, https:\/\/wl26www60.webland.ch\/wp-content\/uploads\/2019\/04\/dummies-1.jpg 1600w\" sizes=\"auto, (max-width: 1024px) 100vw, 1024px\" \/><figcaption>Dummies in allen Gr\u00f6ssen und Farben<\/figcaption><\/figure>\n","protected":false},"excerpt":{"rendered":"<p>F\u00fcr Dummytraining bieten wir Ihnen Dummies in allen Gr\u00f6ssen und Farben Vesten f\u00fcr den Trainer &#8230;<\/p>\n","protected":false},"author":1,"featured_media":0,"parent":0,"menu_order":0,"comment_status":"closed","ping_status":"closed","template":"","meta":{"footnotes":""},"class_list":["post-82","page","type-page","status-publish","hentry"],"_links":{"self":[{"href":"https:\/\/wl26www60.webland.ch\/index.php?rest_route=\/wp\/v2\/pages\/82","targetHints":{"allow":["GET"]}}],"collection":[{"href":"https:\/\/wl26www60.webland.ch\/index.php?rest_route=\/wp\/v2\/pages"}],"about":[{"href":"https:\/\/wl26www60.webland.ch\/index.php?rest_route=\/wp\/v2\/types\/page"}],"author":[{"embeddable":true,"href":"https:\/\/wl26www60.webland.ch\/index.php?rest_route=\/wp\/v2\/users\/1"}],"replies":[{"embeddable":true,"href":"https:\/\/wl26www60.webland.ch\/index.php?rest_route=%2Fwp%2Fv2%2Fcomments&post=82"}],"version-history":[{"count":4,"href":"https:\/\/wl26www60.webland.ch\/index.php?rest_route=\/wp\/v2\/pages\/82\/revisions"}],"predecessor-version":[{"id":131,"href":"https:\/\/wl26www60.webland.ch\/index.php?rest_route=\/wp\/v2\/pages\/82\/revisions\/131"}],"wp:attachment":[{"href":"https:\/\/wl26www60.webland.ch\/index.php?rest_route=%2Fwp%2Fv2%2Fmedia&parent=82"}],"curies":[{"name":"wp","href":"https:\/\/api.w.org\/{rel}","templated":true}]}}