{"id":8,"date":"2019-04-12T17:59:45","date_gmt":"2019-04-12T17:59:45","guid":{"rendered":"https:\/\/wl26www60.webland.ch\/?page_id=8"},"modified":"2019-04-12T18:27:27","modified_gmt":"2019-04-12T18:27:27","slug":"fichtbauer-saettel","status":"publish","type":"page","link":"https:\/\/wl26www60.webland.ch\/?page_id=8","title":{"rendered":"Fichtbauer S\u00e4ttel"},"content":{"rendered":"\n<ul class=\"wp-block-list\"><li> Ausgezeichnetes Preis Leistungsverh\u00e4ltis<\/li><li>Ausgezeichnete Passform<\/li><li>Werden In Deutschland auf Mass Hergestellt<\/li><li>Standartm\u00e4ssieger R\u00fcckschnitt an der Schulter f\u00fcr mehr Schulterfreiheit<\/li><li>Bei allen Modellen Verschiedene Sitz Tiefen<\/li><li>Verschiedene Pauschen h\u00f6hen Verschiedene Kissen Keile und Formen<\/li><li>Kunden W\u00fcnsche (N\u00e4hte, Formen, Verzierungen, &#8230;) k\u00f6nnen angebracht werden<\/li><li>Ausmessung in der ganzen Schweiz am Pferd in ihrem Stall <\/li><\/ul>\n\n\n\n<div class=\"wp-block-image\"><figure class=\"aligncenter\"><img loading=\"lazy\" decoding=\"async\" width=\"450\" height=\"600\" src=\"https:\/\/wl26www60.webland.ch\/wp-content\/uploads\/2019\/04\/014.jpg\" alt=\"\" class=\"wp-image-56\" srcset=\"https:\/\/wl26www60.webland.ch\/wp-content\/uploads\/2019\/04\/014.jpg 450w, https:\/\/wl26www60.webland.ch\/wp-content\/uploads\/2019\/04\/014-225x300.jpg 225w\" sizes=\"auto, (max-width: 450px) 100vw, 450px\" \/><\/figure><\/div>\n","protected":false},"excerpt":{"rendered":"<p>Ausgezeichnetes Preis Leistungsverh\u00e4ltis Ausgezeichnete Passform Werden In Deutschland auf Mass Hergestellt Standartm\u00e4ssieger R\u00fcckschnitt an der Schulter f\u00fcr mehr Schulterfreiheit Bei allen Modellen Verschiedene Sitz Tiefen Verschiedene Pauschen h\u00f6hen Verschiedene Kissen [&hellip;]<\/p>\n","protected":false},"author":1,"featured_media":0,"parent":0,"menu_order":0,"comment_status":"closed","ping_status":"closed","template":"","meta":{"footnotes":""},"class_list":["post-8","page","type-page","status-publish","hentry"],"_links":{"self":[{"href":"https:\/\/wl26www60.webland.ch\/index.php?rest_route=\/wp\/v2\/pages\/8","targetHints":{"allow":["GET"]}}],"collection":[{"href":"https:\/\/wl26www60.webland.ch\/index.php?rest_route=\/wp\/v2\/pages"}],"about":[{"href":"https:\/\/wl26www60.webland.ch\/index.php?rest_route=\/wp\/v2\/types\/page"}],"author":[{"embeddable":true,"href":"https:\/\/wl26www60.webland.ch\/index.php?rest_route=\/wp\/v2\/users\/1"}],"replies":[{"embeddable":true,"href":"https:\/\/wl26www60.webland.ch\/index.php?rest_route=%2Fwp%2Fv2%2Fcomments&post=8"}],"version-history":[{"count":3,"href":"https:\/\/wl26www60.webland.ch\/index.php?rest_route=\/wp\/v2\/pages\/8\/revisions"}],"predecessor-version":[{"id":57,"href":"https:\/\/wl26www60.webland.ch\/index.php?rest_route=\/wp\/v2\/pages\/8\/revisions\/57"}],"wp:attachment":[{"href":"https:\/\/wl26www60.webland.ch\/index.php?rest_route=%2Fwp%2Fv2%2Fmedia&parent=8"}],"curies":[{"name":"wp","href":"https:\/\/api.w.org\/{rel}","templated":true}]}}