{"id":73,"date":"2019-04-12T18:46:17","date_gmt":"2019-04-12T18:46:17","guid":{"rendered":"https:\/\/wl26www60.webland.ch\/?page_id=73"},"modified":"2019-04-12T18:56:31","modified_gmt":"2019-04-12T18:56:31","slug":"halsband","status":"publish","type":"page","link":"https:\/\/wl26www60.webland.ch\/?page_id=73","title":{"rendered":"Halsband"},"content":{"rendered":"\n<p><strong>Leder Halsb\u00e4nder<\/strong><\/p>\n\n\n\n<p>In unserer Sattelerei hergestellt mit feinstem Zaumleder in den Farben schwarz havanna london redwood. <br>Die L\u00e4nge und Breite k\u00f6nnen Sie selber bestimmen.<\/p>\n\n\n\n<p>Da jedes Halsband ein Einzelst\u00fcck, speziell f\u00fcr Ihren Liebling gefertigt ist, variieren auch die Preise, fragen sie uns an.<\/p>\n\n\n\n<figure class=\"wp-block-image\"><img decoding=\"async\" src=\"http:\/\/sattlereimaurer.ch\/files\/3614\/1279\/6515\/hundhalsband.JPG\" alt=\"hundhalsband.JPG\"\/><\/figure>\n\n\n\n<p><\/p>\n","protected":false},"excerpt":{"rendered":"<p>Leder Halsb\u00e4nder In unserer Sattelerei hergestellt mit feinstem Zaumleder in den Farben schwarz havanna london redwood. Die L\u00e4nge und Breite k\u00f6nnen Sie selber bestimmen. Da jedes Halsband ein Einzelst\u00fcck, speziell [&hellip;]<\/p>\n","protected":false},"author":1,"featured_media":0,"parent":0,"menu_order":0,"comment_status":"closed","ping_status":"closed","template":"","meta":{"footnotes":""},"class_list":["post-73","page","type-page","status-publish","hentry"],"_links":{"self":[{"href":"https:\/\/wl26www60.webland.ch\/index.php?rest_route=\/wp\/v2\/pages\/73","targetHints":{"allow":["GET"]}}],"collection":[{"href":"https:\/\/wl26www60.webland.ch\/index.php?rest_route=\/wp\/v2\/pages"}],"about":[{"href":"https:\/\/wl26www60.webland.ch\/index.php?rest_route=\/wp\/v2\/types\/page"}],"author":[{"embeddable":true,"href":"https:\/\/wl26www60.webland.ch\/index.php?rest_route=\/wp\/v2\/users\/1"}],"replies":[{"embeddable":true,"href":"https:\/\/wl26www60.webland.ch\/index.php?rest_route=%2Fwp%2Fv2%2Fcomments&post=73"}],"version-history":[{"count":3,"href":"https:\/\/wl26www60.webland.ch\/index.php?rest_route=\/wp\/v2\/pages\/73\/revisions"}],"predecessor-version":[{"id":137,"href":"https:\/\/wl26www60.webland.ch\/index.php?rest_route=\/wp\/v2\/pages\/73\/revisions\/137"}],"wp:attachment":[{"href":"https:\/\/wl26www60.webland.ch\/index.php?rest_route=%2Fwp%2Fv2%2Fmedia&parent=73"}],"curies":[{"name":"wp","href":"https:\/\/api.w.org\/{rel}","templated":true}]}}