{"id":14,"date":"2019-04-12T17:59:45","date_gmt":"2019-04-12T17:59:45","guid":{"rendered":"https:\/\/wl26www60.webland.ch\/?page_id=14"},"modified":"2019-04-12T19:24:58","modified_gmt":"2019-04-12T19:24:58","slug":"standort","status":"publish","type":"page","link":"https:\/\/wl26www60.webland.ch\/?page_id=14","title":{"rendered":"Standort"},"content":{"rendered":"\n<p><strong>Adresse Sattlerei Maurer<\/strong><br>Susanne Maurer<br>Holzackerweg 10<br>CH-4558 Hersiwil <br>079  371 44 57\u00a0  <\/p>\n\n\n\n<p style=\"color:#a30500\" class=\"has-text-color\"><strong>Achtung: Unser Laden ist nicht immer ge\u00f6ffnet, da wir viele Auftr\u00e4ge ausserhalb erledigen m\u00fcssen. Vereinbahren Sie daher immer telefonisch einen Termin, damit wir uns auch die Zeit f\u00fcr Sie nehmen k\u00f6nnen.<\/strong><\/p>\n\n\n\n<p><strong>Standort Karte:<\/strong><\/p>\n\n\n\n<p><a href=\"https:\/\/goo.gl\/maps\/M8KgUs47E7Q2\" target=\"_blank\" rel=\"noreferrer noopener\" aria-label=\" (\u00f6ffnet in neuem Tab)\">https:\/\/goo.gl\/maps\/M8KgUs47E7Q2<\/a><\/p>\n\n\n\n<p>Achtung: Einige Navis kennen die Hausnummer 10 nicht, geben Sie da Nr 64 ein.<\/p>\n","protected":false},"excerpt":{"rendered":"<p>Adresse Sattlerei MaurerSusanne MaurerHolzackerweg 10CH-4558 Hersiwil 079 371 44 57\u00a0 Achtung: Unser Laden ist nicht immer ge\u00f6ffnet, da wir viele Auftr\u00e4ge ausserhalb erledigen m\u00fcssen. Vereinbahren Sie daher immer telefonisch einen [&hellip;]<\/p>\n","protected":false},"author":1,"featured_media":0,"parent":0,"menu_order":0,"comment_status":"closed","ping_status":"closed","template":"","meta":{"footnotes":""},"class_list":["post-14","page","type-page","status-publish","hentry"],"_links":{"self":[{"href":"https:\/\/wl26www60.webland.ch\/index.php?rest_route=\/wp\/v2\/pages\/14","targetHints":{"allow":["GET"]}}],"collection":[{"href":"https:\/\/wl26www60.webland.ch\/index.php?rest_route=\/wp\/v2\/pages"}],"about":[{"href":"https:\/\/wl26www60.webland.ch\/index.php?rest_route=\/wp\/v2\/types\/page"}],"author":[{"embeddable":true,"href":"https:\/\/wl26www60.webland.ch\/index.php?rest_route=\/wp\/v2\/users\/1"}],"replies":[{"embeddable":true,"href":"https:\/\/wl26www60.webland.ch\/index.php?rest_route=%2Fwp%2Fv2%2Fcomments&post=14"}],"version-history":[{"count":4,"href":"https:\/\/wl26www60.webland.ch\/index.php?rest_route=\/wp\/v2\/pages\/14\/revisions"}],"predecessor-version":[{"id":117,"href":"https:\/\/wl26www60.webland.ch\/index.php?rest_route=\/wp\/v2\/pages\/14\/revisions\/117"}],"wp:attachment":[{"href":"https:\/\/wl26www60.webland.ch\/index.php?rest_route=%2Fwp%2Fv2%2Fmedia&parent=14"}],"curies":[{"name":"wp","href":"https:\/\/api.w.org\/{rel}","templated":true}]}}