{"id":11,"date":"2019-04-12T17:59:45","date_gmt":"2019-04-12T17:59:45","guid":{"rendered":"https:\/\/wl26www60.webland.ch\/?page_id=11"},"modified":"2019-04-12T18:52:32","modified_gmt":"2019-04-12T18:52:32","slug":"hundezubehoer","status":"publish","type":"page","link":"https:\/\/wl26www60.webland.ch\/?page_id=11","title":{"rendered":"Hundezubeh\u00f6r"},"content":{"rendered":"\n<p>Bei uns k\u00f6nnen Sie alles, was Sie f\u00fcr Ihren Hund brauchen, kaufen.<\/p>\n\n\n\n<p>Lederwaren wie Halsb\u00e4nder, Leinen u.s.w. stellen wir in unserer Sattlerei selber her.<\/p>\n\n\n\n<p>Lagerware k\u00f6nnen Sie in unserem Verkaufsladen direkt kaufen, wir k\u00f6nnen Ihnen jedoch auch als Wiederverk\u00e4ufer vieler Hundemarken alles beschaffen.<\/p>\n\n\n\n<p>Futter kann ebenso \u00fcber uns bezogen werden. <\/p>\n","protected":false},"excerpt":{"rendered":"<p>Bei uns k\u00f6nnen Sie alles, was Sie f\u00fcr Ihren Hund brauchen, kaufen. Lederwaren wie Halsb\u00e4nder, Leinen u.s.w. stellen wir in unserer Sattlerei selber her. Lagerware k\u00f6nnen Sie in unserem Verkaufsladen [&hellip;]<\/p>\n","protected":false},"author":1,"featured_media":0,"parent":0,"menu_order":0,"comment_status":"closed","ping_status":"closed","template":"","meta":{"footnotes":""},"class_list":["post-11","page","type-page","status-publish","hentry"],"_links":{"self":[{"href":"https:\/\/wl26www60.webland.ch\/index.php?rest_route=\/wp\/v2\/pages\/11","targetHints":{"allow":["GET"]}}],"collection":[{"href":"https:\/\/wl26www60.webland.ch\/index.php?rest_route=\/wp\/v2\/pages"}],"about":[{"href":"https:\/\/wl26www60.webland.ch\/index.php?rest_route=\/wp\/v2\/types\/page"}],"author":[{"embeddable":true,"href":"https:\/\/wl26www60.webland.ch\/index.php?rest_route=\/wp\/v2\/users\/1"}],"replies":[{"embeddable":true,"href":"https:\/\/wl26www60.webland.ch\/index.php?rest_route=%2Fwp%2Fv2%2Fcomments&post=11"}],"version-history":[{"count":2,"href":"https:\/\/wl26www60.webland.ch\/index.php?rest_route=\/wp\/v2\/pages\/11\/revisions"}],"predecessor-version":[{"id":90,"href":"https:\/\/wl26www60.webland.ch\/index.php?rest_route=\/wp\/v2\/pages\/11\/revisions\/90"}],"wp:attachment":[{"href":"https:\/\/wl26www60.webland.ch\/index.php?rest_route=%2Fwp%2Fv2%2Fmedia&parent=11"}],"curies":[{"name":"wp","href":"https:\/\/api.w.org\/{rel}","templated":true}]}}